{"id":33,"date":"2025-12-01T15:29:05","date_gmt":"2025-12-01T14:29:05","guid":{"rendered":"https:\/\/develop.srv202307v.envers-hosting.de\/?page_id=33"},"modified":"2025-12-16T16:03:07","modified_gmt":"2025-12-16T15:03:07","slug":"home","status":"publish","type":"page","link":"https:\/\/entwurf.berndstaats.de\/","title":{"rendered":"Herzlich willkommen"},"content":{"rendered":"\n<h4 class=\"wp-block-heading has-contrast-color has-text-color has-link-color has-large-font-size wp-elements-0c006b997057fb868e5812d4281571e2\"><strong>im Sachverst\u00e4ndigen- und Ingenieurb\u00fcro<\/strong><\/h4>\n\n\n\n<p class=\"has-x-large-font-size\"><strong>Dipl.-Ing. Bernd Staats<\/strong><\/p>\n\n\n\n<div style=\"height:132px\" aria-hidden=\"true\" class=\"wp-block-spacer\"><\/div>\n\n\n\n<p><\/p>\n\n\n\n<p><\/p>\n\n\n\n<div class=\"wp-block-columns is-layout-flex wp-container-core-columns-is-layout-28f84493 wp-block-columns-is-layout-flex\">\n<div class=\"wp-block-column is-layout-flow wp-block-column-is-layout-flow\">\n<h2 class=\"wp-block-heading\">Meine Schwerpunte<\/h2>\n\n\n\n<details class=\"wp-block-details has-contrast-color has-text-color has-link-color wp-elements-a02dd0d9f47ad42f7717b18894645b88 is-layout-flow wp-container-core-details-is-layout-8a368f38 wp-block-details-is-layout-flow\" data-aos=\"flip-up\"><summary><strong>Gutachten<\/strong><\/summary>\n<p class=\"has-contrast-color has-text-color has-link-color wp-elements-01d25c29a6c4031327fecb88832158c5\">Erstellen von Sachverst\u00e4ndigen-, Privat- sowie Schiedsgutachten<\/p>\n<\/details>\n\n\n\n<details class=\"wp-block-details has-contrast-color has-text-color has-link-color wp-elements-08870e3fbc1bec4677483e92ce11f376 is-layout-flow wp-container-core-details-is-layout-8a368f38 wp-block-details-is-layout-flow\" data-aos=\"flip-up\"><summary><strong>Technische Beratung<\/strong><\/summary>\n<p class=\"has-contrast-color has-text-color has-link-color wp-elements-5022d0ffa41cb8f7fc337bcd8419eaa7\">Technische Beratungen in der Technischen Geb\u00e4udeausr\u00fcstung (TGA) mit Schwerpunkten in der: Sanit\u00e4rtechnik (Trinkwasserhygiene, Entw\u00e4sserungstechnik,&nbsp;Gas-Installationen, Erd- und Fl\u00fcssiggas sowie Heiz\u00f6l-Installationen).<\/p>\n\n\n\n<p class=\"has-contrast-color has-text-color has-link-color wp-elements-60bf8c67e2b6a9a3c02661d382b116e1\"><\/p>\n<\/details>\n\n\n\n<details class=\"wp-block-details has-contrast-color has-text-color has-link-color wp-elements-ca2e6cdffc45fa8e1ef1ac0ff5b0d9c4 is-layout-flow wp-container-core-details-is-layout-8a368f38 wp-block-details-is-layout-flow\" data-aos=\"flip-up\"><summary><strong>Vortr\u00e4ge \/ Schulungen<\/strong> <\/summary>\n<p class=\"has-contrast-color has-text-color has-link-color wp-elements-3c85cb1fe40b6762e127eb3644ca6d81\">Vortr\u00e4ge, Schulungen, Seminare oder Inhouse-Schulungen in den Bereichen: Sanit\u00e4rtechnik (Trinkwasserhygiene, Entw\u00e4sserungstechnik, Gas-Installationen, Erd- und Fl\u00fcssiggas sowie Heiz\u00f6l-Installationen).<\/p>\n<\/details>\n\n\n\n<details class=\"wp-block-details has-contrast-color has-text-color has-link-color wp-elements-4bfab23795d784fe1bdfc28179cd38e7 is-layout-flow wp-container-core-details-is-layout-8a368f38 wp-block-details-is-layout-flow\" data-aos=\"flip-up\"><summary><strong>Baubegleitende Qualit\u00e4tskontrollen der Heizungs- und Sanit\u00e4rinstallation<\/strong><\/summary>\n<p class=\"has-contrast-color has-text-color has-link-color wp-elements-9a11f7210264b23a04a7d87b361d387a\">Dokumentation von Baufortschritten, z. B. f\u00fcr Zwischenabnahmen und\/oder Schlussabnahmen.<\/p>\n\n\n\n<p class=\"has-contrast-color has-text-color has-link-color wp-elements-7c19aa4d8a90ca6be8bce5247e2deadd\">Bauzustandsdokumentation.<\/p>\n<\/details>\n\n\n\n<details class=\"wp-block-details has-contrast-color has-text-color has-link-color wp-elements-8ab2909417c6a8d9ee16624cdbe50866 is-layout-flow wp-container-core-details-is-layout-8a368f38 wp-block-details-is-layout-flow\" data-aos=\"flip-up\"><summary><strong>Gef\u00e4hrdungsanalyse\/Risikoabsch\u00e4tzung nach \u00a7 51 Abs. 1 TrinkwV \/ Hygiene-Erstinspektion nach VDI\/DVGW 6023<\/strong><\/summary>\n<p class=\"has-contrast-color has-text-color has-link-color wp-elements-15d25a9b1e24b2b3aac90d603ca305f4\">Anlass: \u00dcberschreitung des technischen Ma\u00dfnahmenwertes f\u00fcr Legionellen im Trinkwasser.<\/p>\n\n\n\n<p class=\"has-contrast-color has-text-color has-link-color wp-elements-6f7d46bf6e82f4ecfb4b8a663e29ceb5\">\u201eSystematische Ermittlung von Gef\u00e4hrdungen und Ereignissen in den Prozessen der Trinkwasserversorgung\u201c<\/p>\n<\/details>\n\n\n\n<details class=\"wp-block-details has-contrast-color has-text-color has-link-color wp-elements-45c849315d3c553251e0cfb37ded4a0f is-layout-flow wp-container-core-details-is-layout-8a368f38 wp-block-details-is-layout-flow\" data-aos=\"flip-up\"><summary><strong>Fachpr\u00fcfer nach \u00a7 58 AwSV f\u00fcr Heiz\u00f6lverbraucheranlagen<\/strong><\/summary>\n<p class=\"has-contrast-color has-text-color has-link-color wp-elements-cdb2d47232a451611a297ba46966d459\">Ab dem 1. August 2017 gilt f\u00fcr SHK-Fachbetriebe, die sich z. B. mit Heiz\u00f6ltankanlagen befassen:<\/p>\n\n\n\n<p class=\"has-contrast-color has-text-color has-link-color wp-elements-08970975628f8ed9b191eb9ee233c813\">Sicherheitstechnisch bedeutsame Arbeiten an ober- und unterirdischen Heiz\u00f6lverbraucheranlagen \u00fcber 1.000 Liter&nbsp;d\u00fcrfen nur von zertifizierten Fachbetrieben (nach \u00a7 62 AwSV) durchgef\u00fchrt werden, die entweder von den Sachverst\u00e4ndigenorganisationen oder von G\u00fcte- und \u00dcberwachungsgemeinschaften \u00fcberwacht werden. Dazu geh\u00f6rt z. B. die \u00dcberwachungsgemeinschaft Technische Anlagen der SHK-Handwerke e.V. (\u00dcWG).<\/p>\n\n\n\n<p class=\"has-contrast-color has-text-color has-link-color wp-elements-44a2bed064f92d4370dfc19ffc97dd81\">Zu dem vorgenannten \u00dcberwachungsverfahren z\u00e4hlt seit dem 1. August 2017 unter anderem auch die regelm\u00e4\u00dfig 2-j\u00e4hrig wiederkehrende \u00dcberwachung der Fachbetriebe sowie die einmalige \u00dcberwachung bei Neuaufnahme des Fachbetriebes in die \u00dcWG.<\/p>\n\n\n\n<p class=\"has-contrast-color has-text-color has-link-color wp-elements-deb1938140151fec6d4f7d1775539ad2\">Die \u00dcberwachung erfolgt in den Unternehmen vor Ort durch&nbsp;<strong>anerkannter Fachpr\u00fcfer nach \u00a7 58 AwSV oder Sachverst\u00e4ndige<\/strong>&nbsp;der \u00dcWG<\/p>\n<\/details>\n<\/div>\n\n\n\n<div class=\"wp-block-column is-layout-flow wp-block-column-is-layout-flow\">\n<figure class=\"wp-block-image size-full is-resized\" data-aos=\"slide-left\" data-aos-duration=\"950\"><img loading=\"lazy\" decoding=\"async\" width=\"887\" height=\"633\" src=\"https:\/\/entwurf.berndstaats.de\/wp-content\/uploads\/2025\/12\/A-1_druck-2.png\" alt=\"\" class=\"wp-image-200\" style=\"aspect-ratio:1.4013046629620682;width:610px;height:auto\" srcset=\"https:\/\/entwurf.berndstaats.de\/wp-content\/uploads\/2025\/12\/A-1_druck-2.png 887w, https:\/\/entwurf.berndstaats.de\/wp-content\/uploads\/2025\/12\/A-1_druck-2-300x214.png 300w, https:\/\/entwurf.berndstaats.de\/wp-content\/uploads\/2025\/12\/A-1_druck-2-768x548.png 768w\" sizes=\"auto, (max-width: 887px) 100vw, 887px\" \/><\/figure>\n<\/div>\n<\/div>\n\n\n\n<h4 class=\"wp-block-heading has-contrast-color has-text-color has-link-color wp-elements-e5d7095fc5fe422e84ca528969224d06\"><\/h4>\n\n\n\n<p><\/p>\n\n\n\n<div class=\"wp-block-columns is-layout-flex wp-container-core-columns-is-layout-28f84493 wp-block-columns-is-layout-flex\">\n<div class=\"wp-block-column is-layout-flow wp-block-column-is-layout-flow\">\n<h3 class=\"wp-block-heading\"><strong>&nbsp;<\/strong><\/h3>\n\n\n\n<p><\/p>\n\n\n\n<p><\/p>\n\n\n\n<p><\/p>\n\n\n<div id=\"wpgmza_map_1\" class=\"wpgmza_map wpgmza-auto-left\" style=\"display:block;width:100%;height:400px;overflow:hidden;position:relative;\" data-map-id=\"1\" data-maps-engine=\"leaflet-zerocost\" data-build-engine=\"atlas-novus\" data-shortcode-attributes=\"{&quot;id&quot;:&quot;1&quot;,&quot;zoom&quot;:false,&quot;width&quot;:false,&quot;height&quot;:false,&quot;marker&quot;:false,&quot;classname&quot;:false}\" data-settings=\"{&quot;map_title&quot;:&quot;Meine erste Karte&quot;,&quot;map_width&quot;:&quot;100&quot;,&quot;map_height&quot;:&quot;400&quot;,&quot;map_start_lat&quot;:&quot;51.493542&quot;,&quot;map_start_lng&quot;:&quot;6.677944399999999&quot;,&quot;map_start_location&quot;:&quot;45.950464398418106,-109.81550500000003&quot;,&quot;map_start_zoom&quot;:&quot;17&quot;,&quot;default_marker&quot;:&quot;&quot;,&quot;type&quot;:&quot;1&quot;,&quot;alignment&quot;:&quot;4&quot;,&quot;directions_enabled&quot;:&quot;0&quot;,&quot;styling_enabled&quot;:&quot;0&quot;,&quot;styling_json&quot;:&quot;&quot;,&quot;active&quot;:&quot;0&quot;,&quot;kml&quot;:&quot;&quot;,&quot;bicycle&quot;:&quot;0&quot;,&quot;traffic&quot;:&quot;0&quot;,&quot;dbox&quot;:&quot;0&quot;,&quot;dbox_width&quot;:&quot;&quot;,&quot;listmarkers&quot;:&quot;0&quot;,&quot;listmarkers_advanced&quot;:&quot;0&quot;,&quot;filterbycat&quot;:&quot;0&quot;,&quot;ugm_enabled&quot;:&quot;0&quot;,&quot;ugm_category_enabled&quot;:&quot;0&quot;,&quot;fusion&quot;:&quot;&quot;,&quot;map_width_type&quot;:&quot;%&quot;,&quot;map_height_type&quot;:&quot;px&quot;,&quot;mass_marker_support&quot;:&quot;0&quot;,&quot;ugm_access&quot;:&quot;0&quot;,&quot;order_markers_by&quot;:&quot;0&quot;,&quot;order_markers_choice&quot;:&quot;0&quot;,&quot;show_user_location&quot;:&quot;0&quot;,&quot;default_to&quot;:&quot;&quot;,&quot;map_type&quot;:1,&quot;sl_stroke_color&quot;:&quot;&quot;,&quot;sl_fill_color&quot;:&quot;&quot;,&quot;sl_stroke_opacity&quot;:&quot;&quot;,&quot;sl_fill_opacity&quot;:&quot;&quot;,&quot;transport_layer&quot;:false,&quot;action&quot;:&quot;wpgmza_save_map&quot;,&quot;redirect_to&quot;:&quot;\\\/wp-admin\\\/admin-post.php&quot;,&quot;map_id&quot;:&quot;1&quot;,&quot;wpgmza_savemap&quot;:&quot;Karte speichern&quot;,&quot;http_referer&quot;:&quot;\\\/wp-admin\\\/admin.php?page=wp-google-maps-menu&amp;amp;action=edit&amp;amp;map_id=1&quot;,&quot;wpgmza_id&quot;:&quot;1&quot;,&quot;wpgmza_start_location&quot;:&quot;51.493542,6.677944399999999&quot;,&quot;wpgmza_start_zoom&quot;:&quot;17&quot;,&quot;wpgmza_map_align&quot;:&quot;1&quot;,&quot;store_locator_enabled&quot;:false,&quot;store_locator_distance&quot;:false,&quot;store_locator_search_area&quot;:&quot;radial&quot;,&quot;wpgmza_store_locator_default_radius&quot;:&quot;10&quot;,&quot;store_locator_auto_area_max_zoom&quot;:&quot;&quot;,&quot;wpgmza_store_locator_radius_style&quot;:&quot;legacy&quot;,&quot;store_locator_component_anchor&quot;:&quot;0&quot;,&quot;store_locator_button_style&quot;:&quot;&quot;,&quot;wpgmza_store_locator_bounce&quot;:false,&quot;wpgmza_sl_animation&quot;:null,&quot;store_locator_query_string&quot;:&quot;&quot;,&quot;store_locator_location_placeholder&quot;:&quot;&quot;,&quot;store_locator_default_address&quot;:&quot;&quot;,&quot;store_locator_name_search&quot;:false,&quot;store_locator_name_string&quot;:&quot;&quot;,&quot;store_locator_not_found_message&quot;:&quot;&quot;,&quot;store_locator_show_distance&quot;:false,&quot;store_locator_category&quot;:false,&quot;wpgmza_store_locator_use_their_location&quot;:false,&quot;wpgmza_store_locator_hide_before_search&quot;:false,&quot;store_locator_nearby_searches&quot;:false,&quot;wpgmza_theme_data&quot;:&quot;&quot;,&quot;custom_tile_enabled&quot;:false,&quot;custom_tile_image&quot;:&quot;&quot;,&quot;custom_tile_image_width&quot;:&quot;&quot;,&quot;custom_tile_image_height&quot;:&quot;&quot;,&quot;custom_tile_image_attribution&quot;:&quot;&quot;,&quot;iw_anchor_panel_card&quot;:null,&quot;iw_primary_color&quot;:&quot;#000000&quot;,&quot;iw_accent_color&quot;:&quot;#000000&quot;,&quot;iw_text_color&quot;:&quot;#000000&quot;,&quot;close_infowindow_on_map_click&quot;:false,&quot;marker_share_links&quot;:false,&quot;wpgmza_listmarkers_by&quot;:&quot;0&quot;,&quot;marker_listing_component_anchor&quot;:null,&quot;marker_listing_component_auto_open&quot;:false,&quot;marker_listing_nudge_marker_center&quot;:false,&quot;marker_listing_nudge_x&quot;:&quot;&quot;,&quot;marker_listing_nudge_y&quot;:&quot;&quot;,&quot;category_filter_component_anchor&quot;:null,&quot;category_filter_label_string&quot;:&quot;&quot;,&quot;zoom_level_on_marker_listing_override&quot;:false,&quot;zoom_level_on_marker_listing_click&quot;:&quot;&quot;,&quot;marker_listing_disable_zoom&quot;:false,&quot;dataTable_pagination_style&quot;:null,&quot;datatable_no_result_message&quot;:&quot;&quot;,&quot;remove_search_box_datables&quot;:false,&quot;datatable_search_string&quot;:&quot;&quot;,&quot;datatable_result_start&quot;:&quot;&quot;,&quot;datatable_result_of&quot;:&quot;&quot;,&quot;datatable_result_to&quot;:&quot;&quot;,&quot;datatable_result_total&quot;:&quot;&quot;,&quot;datatable_result_show&quot;:&quot;&quot;,&quot;datatable_result_entries&quot;:&quot;&quot;,&quot;category_legends_enabled&quot;:false,&quot;category_legends_component_anchor&quot;:null,&quot;category_legends_style&quot;:null,&quot;category_legends_label_string&quot;:&quot;&quot;,&quot;jump_to_nearest_marker_on_initialization&quot;:false,&quot;click_open_link&quot;:false,&quot;wpgmza_zoom_on_marker_click&quot;:false,&quot;wpgmza_zoom_on_marker_click_slider&quot;:&quot;&quot;,&quot;enable_marker_labels&quot;:false,&quot;polygon_labels&quot;:false,&quot;disable_polygon_info_windows&quot;:false,&quot;shape_filtering&quot;:false,&quot;fit_maps_bounds_to_markers&quot;:false,&quot;fit_maps_bounds_to_markers_after_filtering&quot;:false,&quot;restrict_map_bounds&quot;:false,&quot;restrict_boundary_corner_a&quot;:&quot;&quot;,&quot;restrict_boundary_corner_b&quot;:&quot;&quot;,&quot;automatically_pan_to_users_location&quot;:false,&quot;enable_user_location_control&quot;:false,&quot;override_users_location_zoom_level&quot;:false,&quot;override_users_location_zoom_levels&quot;:&quot;&quot;,&quot;show_distance_from_location&quot;:false,&quot;map_starts_in_streetview&quot;:false,&quot;map_starts_in_streetview_location&quot;:&quot;&quot;,&quot;map_starts_in_streetview_heading&quot;:&quot;&quot;,&quot;map_starts_in_streetview_pitch&quot;:&quot;&quot;,&quot;map_max_zoom&quot;:&quot;21&quot;,&quot;map_min_zoom&quot;:&quot;0&quot;,&quot;hide_point_of_interest&quot;:false,&quot;disable_lightbox_images&quot;:false,&quot;use_Raw_Jpeg_Coordinates&quot;:false,&quot;enable_marker_ratings&quot;:false,&quot;enable_map_reset_control&quot;:false,&quot;zoom_level_mobile_override_enabled&quot;:false,&quot;zoom_level_mobile_override&quot;:&quot;&quot;,&quot;map_dimensions_mobile_override_enabled&quot;:false,&quot;map_mobile_width&quot;:&quot;100&quot;,&quot;map_mobile_width_type&quot;:&quot;%&quot;,&quot;map_mobile_height&quot;:&quot;200&quot;,&quot;map_mobile_height_type&quot;:&quot;px&quot;,&quot;lazyload_info_window_content&quot;:false,&quot;only_load_markers_within_viewport&quot;:false,&quot;wpgmza_leaflet_tile_filter&quot;:&quot;none&quot;,&quot;id&quot;:1}\" ><\/div>\n<\/div>\n\n\n\n<div class=\"wp-block-column is-layout-flow wp-block-column-is-layout-flow\">\n<figure class=\"wp-block-image aligncenter size-full is-resized\"><img loading=\"lazy\" decoding=\"async\" width=\"500\" height=\"330\" src=\"https:\/\/entwurf.berndstaats.de\/wp-content\/uploads\/2025\/12\/upscalemedia-transformed-2.jpeg\" alt=\"\" class=\"wp-image-208\" style=\"width:279px;height:auto\" srcset=\"https:\/\/entwurf.berndstaats.de\/wp-content\/uploads\/2025\/12\/upscalemedia-transformed-2.jpeg 500w, https:\/\/entwurf.berndstaats.de\/wp-content\/uploads\/2025\/12\/upscalemedia-transformed-2-300x198.jpeg 300w\" sizes=\"auto, (max-width: 500px) 100vw, 500px\" \/><\/figure>\n\n\n\n<h3 class=\"wp-block-heading has-text-align-center\"><strong>B\u00fcrozeiten:<\/strong><\/h3>\n\n\n\n<p class=\"has-text-align-center\">Mo. \u2013 Fr. ab 8.30 Uhr<\/p>\n\n\n\n<p class=\"has-text-align-center\">Termine nach Vereinbarung!<\/p>\n<\/div>\n<\/div>\n\n\n\n<p><\/p>\n","protected":false},"excerpt":{"rendered":"<p>im Sachverst\u00e4ndigen- und Ingenieurb\u00fcro Dipl.-Ing. Bernd Staats Meine Schwerpunte &nbsp; B\u00fcrozeiten: Mo. \u2013 Fr. ab 8.30 Uhr Termine nach Vereinbarung!<\/p>\n","protected":false},"author":1,"featured_media":0,"parent":0,"menu_order":0,"comment_status":"open","ping_status":"closed","template":"","meta":{"footnotes":""},"class_list":["post-33","page","type-page","status-publish","hentry"],"_links":{"self":[{"href":"https:\/\/entwurf.berndstaats.de\/index.php?rest_route=\/wp\/v2\/pages\/33","targetHints":{"allow":["GET"]}}],"collection":[{"href":"https:\/\/entwurf.berndstaats.de\/index.php?rest_route=\/wp\/v2\/pages"}],"about":[{"href":"https:\/\/entwurf.berndstaats.de\/index.php?rest_route=\/wp\/v2\/types\/page"}],"author":[{"embeddable":true,"href":"https:\/\/entwurf.berndstaats.de\/index.php?rest_route=\/wp\/v2\/users\/1"}],"replies":[{"embeddable":true,"href":"https:\/\/entwurf.berndstaats.de\/index.php?rest_route=%2Fwp%2Fv2%2Fcomments&post=33"}],"version-history":[{"count":0,"href":"https:\/\/entwurf.berndstaats.de\/index.php?rest_route=\/wp\/v2\/pages\/33\/revisions"}],"wp:attachment":[{"href":"https:\/\/entwurf.berndstaats.de\/index.php?rest_route=%2Fwp%2Fv2%2Fmedia&parent=33"}],"curies":[{"name":"wp","href":"https:\/\/api.w.org\/{rel}","templated":true}]}}