{"id":50,"date":"2025-12-01T15:55:22","date_gmt":"2025-12-01T14:55:22","guid":{"rendered":"https:\/\/develop.srv202307v.envers-hosting.de\/?page_id=50"},"modified":"2025-12-08T15:12:02","modified_gmt":"2025-12-08T14:12:02","slug":"ueber-mich","status":"publish","type":"page","link":"https:\/\/entwurf.berndstaats.de\/?page_id=50","title":{"rendered":"\u00dcBER MICH"},"content":{"rendered":"\n<div class=\"wp-block-columns is-layout-flex wp-container-core-columns-is-layout-28f84493 wp-block-columns-is-layout-flex\">\n<div class=\"wp-block-column is-layout-flow wp-block-column-is-layout-flow\" style=\"flex-basis:33.33%\">\n<figure class=\"wp-block-image size-full is-resized\"><img loading=\"lazy\" decoding=\"async\" width=\"887\" height=\"633\" src=\"https:\/\/entwurf.berndstaats.de\/wp-content\/uploads\/2025\/12\/A-1_druck-2.png\" alt=\"\" class=\"wp-image-200\" style=\"width:479px;height:auto\" srcset=\"https:\/\/entwurf.berndstaats.de\/wp-content\/uploads\/2025\/12\/A-1_druck-2.png 887w, https:\/\/entwurf.berndstaats.de\/wp-content\/uploads\/2025\/12\/A-1_druck-2-300x214.png 300w, https:\/\/entwurf.berndstaats.de\/wp-content\/uploads\/2025\/12\/A-1_druck-2-768x548.png 768w\" sizes=\"auto, (max-width: 887px) 100vw, 887px\" \/><\/figure>\n<\/div>\n\n\n\n<div class=\"wp-block-column is-layout-flow wp-block-column-is-layout-flow\" style=\"flex-basis:66.66%\">\n<p><strong>Mein Name ist Bernd Staats.<\/strong><\/p>\n\n\n\n<p>Ich lebe und arbeite im nordwestlichen Ausl\u00e4ufer des Duisburger Stadtgebietes direkt am Rhein, im Ortsteil Baerl. Damit kann ich mich gleicherma\u00dfen als Niederrheiner und Ruhrgebietler bezeichnen.<\/p>\n\n\n\n<p>Von hier aus betreibe ich das Sachverst\u00e4ndigen- und Ingenieurb\u00fcro Dipl.-Ing. Bernd Staats, welches&nbsp; ich im August 2016 gegr\u00fcndet habe. Damit konnte ich mir den lang gehegten Wunsch erf\u00fcllen mich selbstst\u00e4ndig und eigenverantwortlich mit den Bereichen befassen zu k\u00f6nnen, die mir beruflich grunds\u00e4tzlich am Herzen liegen.<\/p>\n\n\n\n<p>Insbesondere stehen dabei Anforderungen im Vordergrund, die im Bereich des Sanit\u00e4r-Heizung und Klima-Handwerks immer komplexer und umfangreicher werden.<\/p>\n\n\n\n<p><strong>Akademischer Grad:<\/strong><\/p>\n\n\n\n<p>Diplom-Ingenieur der Versorgungstechnik<\/p>\n\n\n\n<p><strong>Ausbildung und Beruf:<\/strong><\/p>\n\n\n\n<p>Seit Januar 2018 anerkannter Gutachter der DIN CERTCO f\u00fcr die Sachverst\u00e4ndigenpr\u00fcfung nach VDI\/BTGA\/ZVSHK 6023-2.<\/p>\n\n\n\n<p>Bestellung zum Fachpr\u00fcfer nach \u00a7 58 AwSV (Verordnung \u00fcber Anlagen zum Umgang mit wassergef\u00e4hrdenden Stoffen, hier Heiz\u00f6lverbraucheranlagen) im September 2017, durch die \u00dcberwachungsgemeinschaft Technische Anlagen der SHK-Handwerke e.V..<\/p>\n\n\n\n<p>Bestellung und Vereidigung zum \u201e\u00f6ffentlich bestellten und vereidigten Sachverst\u00e4ndigen\u201c durch die Handwerkskammer D\u00fcsseldorf f\u00fcr das Installateur und Heizungsbauerhandwerk im Juni 2016.<\/p>\n\n\n\n<p>Bis zu meinem Entschluss mich 2016 selbstst\u00e4ndig zu machen, war ich seit 2002 f\u00fcr den Fachverband Sanit\u00e4r Heizung Klima Nordrhein Westfalen in D\u00fcsseldorf als technischer Berater t\u00e4tig. Ich war dort vorrangig zust\u00e4ndig f\u00fcr die Fachgebiete Sanit\u00e4r- und Klempnertechnik sowie f\u00fcr den Bereich der Heiz\u00f6l-Installation. Au\u00dferdem war ich Ansprechpartner f\u00fcr die Themenbereiche Berufsgenossenschaft (Unfallverh\u00fctung, Arbeitssicherheit\/Arbeitsschutz, etc.) Wasseraufbereitung und Wassernachbehandlung.<\/p>\n\n\n\n<p>Die Aufgaben als Landesstellenleiter der&nbsp;<em>\u00dcberwachungsgemeinschaft Technische Anlagen der SHK-Handwerke e.V.<\/em>&nbsp;(\u00dcWG) NRW \u00fcbernahm ich beim Fachverband ab 2004.<\/p>\n\n\n\n<p>Bei der SWK Stadtwerke Krefeld AG war ich in der Zeit von 2000 bis 2002 als&nbsp;<em>Key-Account-Manager<\/em>&nbsp;besch\u00e4ftigt.<\/p>\n\n\n\n<p>Als Bereichsleiter&nbsp;<em>Technische Geb\u00e4udeausr\u00fcstung<\/em>&nbsp;war ich in 1999 bei der KTB Beratungs- und Planungsgesellschaft mbH in Oberhausen t\u00e4tig.<\/p>\n\n\n\n<p>Meine erste Vollanstellung als Dipl.-Ing. nach dem Studium, nahm ich 1996 an der Ruhr-Universit\u00e4t Bochum als wissenschaftlicher Mitarbeiter in einem EU-Projekt an.<\/p>\n\n\n\n<p>Das Studium der Versorgungtechnik habe ich 1995 an der Fachhochschule Gelsenkirchen (heute: Westf\u00e4lische Hochschule) erfolgreich beendet.<\/p>\n\n\n\n<p>Nach meiner handwerklichen Ausbildung zum Schornsteinfegergesellen, und der im Anschluss erworbenen Fachholschulreife, hatte ich Gelegenheit in verschiedenen Praktika und weiteren Besch\u00e4ftigungsverh\u00e4ltnissen u.a. das SHK-Handwerk sowie Schlossert\u00e4tigkeiten in der Stahlindustrie kennen zu lernen.<\/p>\n<\/div>\n<\/div>\n\n\n\n<h2 class=\"wp-block-heading\">Qualifikationen und Zertifikate <\/h2>\n\n\n\n<figure class=\"wp-block-gallery has-nested-images columns-default is-cropped wp-block-gallery-1 is-layout-flex wp-block-gallery-is-layout-flex\"><\/figure>\n\n\n\n<div class=\"wp-block-columns is-style-default is-layout-flex wp-container-core-columns-is-layout-28f84493 wp-block-columns-is-layout-flex\">\n<div class=\"wp-block-column is-layout-flow wp-block-column-is-layout-flow\">\n<figure class=\"wp-block-gallery has-nested-images columns-default is-cropped wp-block-gallery-2 is-layout-flex wp-block-gallery-is-layout-flex\">\n<figure class=\"wp-block-image size-full\"><img loading=\"lazy\" decoding=\"async\" width=\"626\" height=\"888\" data-id=\"176\" src=\"https:\/\/entwurf.berndstaats.de\/wp-content\/uploads\/2025\/12\/Urkunde1neu.png\" alt=\"\" class=\"wp-image-176\" srcset=\"https:\/\/entwurf.berndstaats.de\/wp-content\/uploads\/2025\/12\/Urkunde1neu.png 626w, https:\/\/entwurf.berndstaats.de\/wp-content\/uploads\/2025\/12\/Urkunde1neu-211x300.png 211w\" sizes=\"auto, (max-width: 626px) 100vw, 626px\" \/><\/figure>\n<\/figure>\n<\/div>\n\n\n\n<div class=\"wp-block-column is-layout-flow wp-block-column-is-layout-flow\">\n<figure class=\"wp-block-image size-full\"><img loading=\"lazy\" decoding=\"async\" width=\"626\" height=\"888\" src=\"https:\/\/entwurf.berndstaats.de\/wp-content\/uploads\/2025\/12\/Urkunde1_2.png\" alt=\"\" class=\"wp-image-178\" srcset=\"https:\/\/entwurf.berndstaats.de\/wp-content\/uploads\/2025\/12\/Urkunde1_2.png 626w, https:\/\/entwurf.berndstaats.de\/wp-content\/uploads\/2025\/12\/Urkunde1_2-211x300.png 211w\" sizes=\"auto, (max-width: 626px) 100vw, 626px\" \/><\/figure>\n<\/div>\n\n\n\n<div class=\"wp-block-column is-layout-flow wp-block-column-is-layout-flow\">\n<figure class=\"wp-block-image size-full\"><img loading=\"lazy\" decoding=\"async\" width=\"626\" height=\"888\" src=\"https:\/\/entwurf.berndstaats.de\/wp-content\/uploads\/2025\/12\/urkunde2.png\" alt=\"\" class=\"wp-image-179\" srcset=\"https:\/\/entwurf.berndstaats.de\/wp-content\/uploads\/2025\/12\/urkunde2.png 626w, https:\/\/entwurf.berndstaats.de\/wp-content\/uploads\/2025\/12\/urkunde2-211x300.png 211w\" sizes=\"auto, (max-width: 626px) 100vw, 626px\" \/><\/figure>\n<\/div>\n\n\n\n<div class=\"wp-block-column is-layout-flow wp-block-column-is-layout-flow\">\n<figure class=\"wp-block-image size-full\"><img loading=\"lazy\" decoding=\"async\" width=\"628\" height=\"888\" src=\"https:\/\/entwurf.berndstaats.de\/wp-content\/uploads\/2025\/12\/urkunde3.png\" alt=\"\" class=\"wp-image-180\" srcset=\"https:\/\/entwurf.berndstaats.de\/wp-content\/uploads\/2025\/12\/urkunde3.png 628w, https:\/\/entwurf.berndstaats.de\/wp-content\/uploads\/2025\/12\/urkunde3-212x300.png 212w\" sizes=\"auto, (max-width: 628px) 100vw, 628px\" \/><\/figure>\n<\/div>\n<\/div>\n\n\n\n<div class=\"wp-block-columns is-layout-flex wp-container-core-columns-is-layout-28f84493 wp-block-columns-is-layout-flex\">\n<div class=\"wp-block-column is-layout-flow wp-block-column-is-layout-flow\">\n<figure class=\"wp-block-image size-full\"><img loading=\"lazy\" decoding=\"async\" width=\"628\" height=\"888\" src=\"https:\/\/entwurf.berndstaats.de\/wp-content\/uploads\/2025\/12\/urkunde4.png\" alt=\"\" class=\"wp-image-181\" srcset=\"https:\/\/entwurf.berndstaats.de\/wp-content\/uploads\/2025\/12\/urkunde4.png 628w, https:\/\/entwurf.berndstaats.de\/wp-content\/uploads\/2025\/12\/urkunde4-212x300.png 212w\" sizes=\"auto, (max-width: 628px) 100vw, 628px\" \/><\/figure>\n<\/div>\n\n\n\n<div class=\"wp-block-column is-layout-flow wp-block-column-is-layout-flow\">\n<figure class=\"wp-block-image size-full\"><img loading=\"lazy\" decoding=\"async\" width=\"628\" height=\"888\" src=\"https:\/\/entwurf.berndstaats.de\/wp-content\/uploads\/2025\/12\/urkunde5.png\" alt=\"\" class=\"wp-image-182\" srcset=\"https:\/\/entwurf.berndstaats.de\/wp-content\/uploads\/2025\/12\/urkunde5.png 628w, https:\/\/entwurf.berndstaats.de\/wp-content\/uploads\/2025\/12\/urkunde5-212x300.png 212w\" sizes=\"auto, (max-width: 628px) 100vw, 628px\" \/><\/figure>\n<\/div>\n\n\n\n<div class=\"wp-block-column is-layout-flow wp-block-column-is-layout-flow\">\n<figure class=\"wp-block-image size-full\"><img loading=\"lazy\" decoding=\"async\" width=\"628\" height=\"888\" src=\"https:\/\/entwurf.berndstaats.de\/wp-content\/uploads\/2025\/12\/urkunde6.png\" alt=\"\" class=\"wp-image-183\" srcset=\"https:\/\/entwurf.berndstaats.de\/wp-content\/uploads\/2025\/12\/urkunde6.png 628w, https:\/\/entwurf.berndstaats.de\/wp-content\/uploads\/2025\/12\/urkunde6-212x300.png 212w\" sizes=\"auto, (max-width: 628px) 100vw, 628px\" \/><\/figure>\n<\/div>\n\n\n\n<div class=\"wp-block-column is-layout-flow wp-block-column-is-layout-flow\">\n<figure class=\"wp-block-image size-full\"><img loading=\"lazy\" decoding=\"async\" width=\"626\" height=\"888\" src=\"https:\/\/entwurf.berndstaats.de\/wp-content\/uploads\/2025\/12\/urkunde7.png\" alt=\"\" class=\"wp-image-184\" srcset=\"https:\/\/entwurf.berndstaats.de\/wp-content\/uploads\/2025\/12\/urkunde7.png 626w, https:\/\/entwurf.berndstaats.de\/wp-content\/uploads\/2025\/12\/urkunde7-211x300.png 211w\" sizes=\"auto, (max-width: 626px) 100vw, 626px\" \/><\/figure>\n<\/div>\n<\/div>\n\n\n\n<div class=\"wp-block-columns is-layout-flex wp-container-core-columns-is-layout-28f84493 wp-block-columns-is-layout-flex\">\n<div class=\"wp-block-column is-layout-flow wp-block-column-is-layout-flow\">\n<figure class=\"wp-block-image size-full\"><img loading=\"lazy\" decoding=\"async\" width=\"626\" height=\"888\" src=\"https:\/\/entwurf.berndstaats.de\/wp-content\/uploads\/2025\/12\/urkunde8.png\" alt=\"\" class=\"wp-image-185\" srcset=\"https:\/\/entwurf.berndstaats.de\/wp-content\/uploads\/2025\/12\/urkunde8.png 626w, https:\/\/entwurf.berndstaats.de\/wp-content\/uploads\/2025\/12\/urkunde8-211x300.png 211w\" sizes=\"auto, (max-width: 626px) 100vw, 626px\" \/><\/figure>\n<\/div>\n\n\n\n<div class=\"wp-block-column is-layout-flow wp-block-column-is-layout-flow\">\n<figure class=\"wp-block-image size-full\"><img loading=\"lazy\" decoding=\"async\" width=\"628\" height=\"888\" src=\"https:\/\/entwurf.berndstaats.de\/wp-content\/uploads\/2025\/12\/urkunde9.png\" alt=\"\" class=\"wp-image-186\" srcset=\"https:\/\/entwurf.berndstaats.de\/wp-content\/uploads\/2025\/12\/urkunde9.png 628w, https:\/\/entwurf.berndstaats.de\/wp-content\/uploads\/2025\/12\/urkunde9-212x300.png 212w\" sizes=\"auto, (max-width: 628px) 100vw, 628px\" \/><\/figure>\n<\/div>\n\n\n\n<div class=\"wp-block-column is-layout-flow wp-block-column-is-layout-flow\">\n<figure class=\"wp-block-image size-full\"><img loading=\"lazy\" decoding=\"async\" width=\"626\" height=\"888\" src=\"https:\/\/entwurf.berndstaats.de\/wp-content\/uploads\/2025\/12\/urkunde10.png\" alt=\"\" class=\"wp-image-187\" srcset=\"https:\/\/entwurf.berndstaats.de\/wp-content\/uploads\/2025\/12\/urkunde10.png 626w, https:\/\/entwurf.berndstaats.de\/wp-content\/uploads\/2025\/12\/urkunde10-211x300.png 211w\" sizes=\"auto, (max-width: 626px) 100vw, 626px\" \/><\/figure>\n<\/div>\n\n\n\n<div class=\"wp-block-column is-layout-flow wp-block-column-is-layout-flow\">\n<figure class=\"wp-block-image size-full\"><img loading=\"lazy\" decoding=\"async\" width=\"626\" height=\"888\" src=\"https:\/\/entwurf.berndstaats.de\/wp-content\/uploads\/2025\/12\/urkunde11.png\" alt=\"\" class=\"wp-image-188\" srcset=\"https:\/\/entwurf.berndstaats.de\/wp-content\/uploads\/2025\/12\/urkunde11.png 626w, https:\/\/entwurf.berndstaats.de\/wp-content\/uploads\/2025\/12\/urkunde11-211x300.png 211w\" sizes=\"auto, (max-width: 626px) 100vw, 626px\" \/><\/figure>\n<\/div>\n<\/div>\n\n\n\n<div class=\"wp-block-columns is-layout-flex wp-container-core-columns-is-layout-28f84493 wp-block-columns-is-layout-flex\">\n<div class=\"wp-block-column is-layout-flow wp-block-column-is-layout-flow\">\n<figure class=\"wp-block-image size-full\"><img loading=\"lazy\" decoding=\"async\" width=\"626\" height=\"888\" src=\"https:\/\/entwurf.berndstaats.de\/wp-content\/uploads\/2025\/12\/VDI-Urkunde-2047-2-1.jpg\" alt=\"\" class=\"wp-image-190\" srcset=\"https:\/\/entwurf.berndstaats.de\/wp-content\/uploads\/2025\/12\/VDI-Urkunde-2047-2-1.jpg 626w, https:\/\/entwurf.berndstaats.de\/wp-content\/uploads\/2025\/12\/VDI-Urkunde-2047-2-1-211x300.jpg 211w\" sizes=\"auto, (max-width: 626px) 100vw, 626px\" \/><\/figure>\n<\/div>\n\n\n\n<div class=\"wp-block-column is-layout-flow wp-block-column-is-layout-flow\">\n<figure class=\"wp-block-image size-full\"><img loading=\"lazy\" decoding=\"async\" width=\"626\" height=\"888\" src=\"https:\/\/entwurf.berndstaats.de\/wp-content\/uploads\/2025\/12\/VDI-DVQST_-VDI-6023-1-Kategorie-A_Bernd-Staats_1-1.jpg\" alt=\"\" class=\"wp-image-191\" srcset=\"https:\/\/entwurf.berndstaats.de\/wp-content\/uploads\/2025\/12\/VDI-DVQST_-VDI-6023-1-Kategorie-A_Bernd-Staats_1-1.jpg 626w, https:\/\/entwurf.berndstaats.de\/wp-content\/uploads\/2025\/12\/VDI-DVQST_-VDI-6023-1-Kategorie-A_Bernd-Staats_1-1-211x300.jpg 211w\" sizes=\"auto, (max-width: 626px) 100vw, 626px\" \/><\/figure>\n<\/div>\n\n\n\n<div class=\"wp-block-column is-layout-flow wp-block-column-is-layout-flow\"><\/div>\n\n\n\n<div class=\"wp-block-column is-layout-flow wp-block-column-is-layout-flow\"><\/div>\n<\/div>\n","protected":false},"excerpt":{"rendered":"<p>Mein Name ist Bernd Staats. Ich lebe und arbeite im nordwestlichen Ausl\u00e4ufer des Duisburger Stadtgebietes direkt am Rhein, im Ortsteil Baerl. Damit kann ich mich gleicherma\u00dfen als Niederrheiner und Ruhrgebietler bezeichnen. Von hier aus betreibe ich das Sachverst\u00e4ndigen- und Ingenieurb\u00fcro Dipl.-Ing. Bernd Staats, welches&nbsp; ich im August 2016 gegr\u00fcndet habe. Damit konnte ich mir den [&hellip;]<\/p>\n","protected":false},"author":1,"featured_media":0,"parent":0,"menu_order":0,"comment_status":"closed","ping_status":"closed","template":"","meta":{"footnotes":""},"class_list":["post-50","page","type-page","status-publish","hentry"],"_links":{"self":[{"href":"https:\/\/entwurf.berndstaats.de\/index.php?rest_route=\/wp\/v2\/pages\/50","targetHints":{"allow":["GET"]}}],"collection":[{"href":"https:\/\/entwurf.berndstaats.de\/index.php?rest_route=\/wp\/v2\/pages"}],"about":[{"href":"https:\/\/entwurf.berndstaats.de\/index.php?rest_route=\/wp\/v2\/types\/page"}],"author":[{"embeddable":true,"href":"https:\/\/entwurf.berndstaats.de\/index.php?rest_route=\/wp\/v2\/users\/1"}],"replies":[{"embeddable":true,"href":"https:\/\/entwurf.berndstaats.de\/index.php?rest_route=%2Fwp%2Fv2%2Fcomments&post=50"}],"version-history":[{"count":0,"href":"https:\/\/entwurf.berndstaats.de\/index.php?rest_route=\/wp\/v2\/pages\/50\/revisions"}],"wp:attachment":[{"href":"https:\/\/entwurf.berndstaats.de\/index.php?rest_route=%2Fwp%2Fv2%2Fmedia&parent=50"}],"curies":[{"name":"wp","href":"https:\/\/api.w.org\/{rel}","templated":true}]}}